{"id":169,"date":"2016-03-16T16:18:11","date_gmt":"2016-03-16T15:18:11","guid":{"rendered":"http:\/\/www.aufkleber-druck-profi.de\/?page_id=169"},"modified":"2018-02-15T11:57:08","modified_gmt":"2018-02-15T10:57:08","slug":"aufbau-abbau","status":"publish","type":"page","link":"http:\/\/montage-team-profi.de\/?page_id=169","title":{"rendered":"Aufbau und Abbau"},"content":{"rendered":"<p>Die Anlage wird streng nach Vorschrift aufgebaut, damit am Ende alles perfekt funktioniert.<\/p>\n<p>Die Montage-Teams sind nicht nur zum Aufbau der Anlagen da sondern sie bauen sie auch wieder ab.<\/p>\n<p>Falls Sie eine Anlage nicht mehr ben\u00f6tigen, wird sie mit gro\u00dfer sorgfalt demontiert, damit man sie sp\u00e4ter nochmal verwenden kann.<\/p>\n<p>Was nach dem Abbau mit den Einzelteilen passieren soll muss vorher abgesprochen werden.<\/p>\n<p>Manche Montagefirmen k\u00fcmmern sich um die Entsorgung der Anlage, sollte sie nicht mehr ben\u00f6tigt werden.<\/p>\n<p>Es empfiehlt sich f\u00fcr die Dempontage die selbe Firma zu beauftragen, die die Anlage aufgebaut haben.<\/p>\n","protected":false},"excerpt":{"rendered":"<p>Die Anlage wird streng nach Vorschrift aufgebaut, damit am Ende alles perfekt funktioniert. Die Montage-Teams sind nicht nur zum Aufbau<\/p>\n","protected":false},"author":1,"featured_media":0,"parent":0,"menu_order":0,"comment_status":"closed","ping_status":"closed","template":"","meta":[],"_links":{"self":[{"href":"http:\/\/montage-team-profi.de\/index.php?rest_route=\/wp\/v2\/pages\/169"}],"collection":[{"href":"http:\/\/montage-team-profi.de\/index.php?rest_route=\/wp\/v2\/pages"}],"about":[{"href":"http:\/\/montage-team-profi.de\/index.php?rest_route=\/wp\/v2\/types\/page"}],"author":[{"embeddable":true,"href":"http:\/\/montage-team-profi.de\/index.php?rest_route=\/wp\/v2\/users\/1"}],"replies":[{"embeddable":true,"href":"http:\/\/montage-team-profi.de\/index.php?rest_route=%2Fwp%2Fv2%2Fcomments&post=169"}],"version-history":[{"count":5,"href":"http:\/\/montage-team-profi.de\/index.php?rest_route=\/wp\/v2\/pages\/169\/revisions"}],"predecessor-version":[{"id":305,"href":"http:\/\/montage-team-profi.de\/index.php?rest_route=\/wp\/v2\/pages\/169\/revisions\/305"}],"wp:attachment":[{"href":"http:\/\/montage-team-profi.de\/index.php?rest_route=%2Fwp%2Fv2%2Fmedia&parent=169"}],"curies":[{"name":"wp","href":"https:\/\/api.w.org\/{rel}","templated":true}]}}