{"id":171,"date":"2016-03-16T16:18:22","date_gmt":"2016-03-16T15:18:22","guid":{"rendered":"http:\/\/www.aufkleber-druck-profi.de\/?page_id=171"},"modified":"2018-02-15T14:57:32","modified_gmt":"2018-02-15T13:57:32","slug":"planung","status":"publish","type":"page","link":"http:\/\/montage-team-profi.de\/?page_id=171","title":{"rendered":"Planung"},"content":{"rendered":"<p>Es erfordert eine detallierte Planung alles zu organisieren.<\/p>\n<p>Normalerweise \u00fcbernimmt die Montage-Team-Firma die gesammte Planung.<\/p>\n<p>Daf\u00fcr m\u00fcssen Sie der Frima alle Ihre Daten und Informationen zukommen lassen, damit sie effektiv planen k\u00f6nnen.<\/p>\n<p>Sie k\u00fcmmet sich dann um Genehmigungen und Beantragungen.<\/p>\n","protected":false},"excerpt":{"rendered":"<p>Es erfordert eine detallierte Planung alles zu organisieren. Normalerweise \u00fcbernimmt die Montage-Team-Firma die gesammte Planung. Daf\u00fcr m\u00fcssen Sie der Frima<\/p>\n","protected":false},"author":1,"featured_media":0,"parent":0,"menu_order":0,"comment_status":"closed","ping_status":"closed","template":"","meta":[],"_links":{"self":[{"href":"http:\/\/montage-team-profi.de\/index.php?rest_route=\/wp\/v2\/pages\/171"}],"collection":[{"href":"http:\/\/montage-team-profi.de\/index.php?rest_route=\/wp\/v2\/pages"}],"about":[{"href":"http:\/\/montage-team-profi.de\/index.php?rest_route=\/wp\/v2\/types\/page"}],"author":[{"embeddable":true,"href":"http:\/\/montage-team-profi.de\/index.php?rest_route=\/wp\/v2\/users\/1"}],"replies":[{"embeddable":true,"href":"http:\/\/montage-team-profi.de\/index.php?rest_route=%2Fwp%2Fv2%2Fcomments&post=171"}],"version-history":[{"count":5,"href":"http:\/\/montage-team-profi.de\/index.php?rest_route=\/wp\/v2\/pages\/171\/revisions"}],"predecessor-version":[{"id":309,"href":"http:\/\/montage-team-profi.de\/index.php?rest_route=\/wp\/v2\/pages\/171\/revisions\/309"}],"wp:attachment":[{"href":"http:\/\/montage-team-profi.de\/index.php?rest_route=%2Fwp%2Fv2%2Fmedia&parent=171"}],"curies":[{"name":"wp","href":"https:\/\/api.w.org\/{rel}","templated":true}]}}