{"id":74,"date":"2016-03-11T12:33:36","date_gmt":"2016-03-11T11:33:36","guid":{"rendered":"http:\/\/www.aufkleber-druck-profi.de\/?page_id=74"},"modified":"2018-02-22T08:42:45","modified_gmt":"2018-02-22T07:42:45","slug":"messebau","status":"publish","type":"page","link":"http:\/\/montage-team-profi.de\/?page_id=74","title":{"rendered":"Messebau"},"content":{"rendered":"<p>Ein Messestand hat verschiedene Bestandteile die man beachten sollte, damit man einen gut aussehenden Stand hat.<\/p>\n<p>Diese Bestandteile w\u00e4ren Messest\u00e4nde, B\u00fchnen, Werbebanner, Displays und Mobiliar aller Art.<\/p>\n<p>Damit ein Messestand erfolgreich aufgebaut werden kann, ist sehr pr\u00e4zise Planung n\u00f6tig und man sollte sich vorher \u00fcber jedes Detail im klaren sein.<\/p>\n<p>Man sollte sich daher genau mit der Montagefirma absprechen, wie der Stand am Ende aussehen soll.<\/p>\n<p>&nbsp;<\/p>\n<p>&nbsp;<\/p>\n","protected":false},"excerpt":{"rendered":"<p>Ein Messestand hat verschiedene Bestandteile die man beachten sollte, damit man einen gut aussehenden Stand hat. Diese Bestandteile w\u00e4ren Messest\u00e4nde,<\/p>\n","protected":false},"author":1,"featured_media":0,"parent":0,"menu_order":0,"comment_status":"closed","ping_status":"closed","template":"","meta":[],"_links":{"self":[{"href":"http:\/\/montage-team-profi.de\/index.php?rest_route=\/wp\/v2\/pages\/74"}],"collection":[{"href":"http:\/\/montage-team-profi.de\/index.php?rest_route=\/wp\/v2\/pages"}],"about":[{"href":"http:\/\/montage-team-profi.de\/index.php?rest_route=\/wp\/v2\/types\/page"}],"author":[{"embeddable":true,"href":"http:\/\/montage-team-profi.de\/index.php?rest_route=\/wp\/v2\/users\/1"}],"replies":[{"embeddable":true,"href":"http:\/\/montage-team-profi.de\/index.php?rest_route=%2Fwp%2Fv2%2Fcomments&post=74"}],"version-history":[{"count":3,"href":"http:\/\/montage-team-profi.de\/index.php?rest_route=\/wp\/v2\/pages\/74\/revisions"}],"predecessor-version":[{"id":326,"href":"http:\/\/montage-team-profi.de\/index.php?rest_route=\/wp\/v2\/pages\/74\/revisions\/326"}],"wp:attachment":[{"href":"http:\/\/montage-team-profi.de\/index.php?rest_route=%2Fwp%2Fv2%2Fmedia&parent=74"}],"curies":[{"name":"wp","href":"https:\/\/api.w.org\/{rel}","templated":true}]}}